{"id":2936,"date":"2024-02-10T16:45:40","date_gmt":"2024-02-10T15:45:40","guid":{"rendered":"https:\/\/www.clipweb.fr\/videaste\/?page_id=2936"},"modified":"2024-02-29T11:44:42","modified_gmt":"2024-02-29T10:44:42","slug":"production-teaser-video","status":"publish","type":"page","link":"https:\/\/www.clipweb.fr\/videaste\/production-teaser-video\/","title":{"rendered":"Production Teaser Vid\u00e9o"},"content":{"rendered":"\n<h2 class=\"wp-block-heading\">Vid\u00e9aste &#8211; Production Teaser Vid\u00e9o<\/h2>\n\n\n\n<p>Teaser vid\u00e9o r\u00e9alis\u00e9 pour la troupe Vend\u00e9enne \u00ab\u00a0Atelier de la Lorgnette<\/p>\n\n\n\n<figure class=\"wp-block-embed is-type-video is-provider-vimeo wp-block-embed-vimeo wp-embed-aspect-16-9 wp-has-aspect-ratio\"><div class=\"wp-block-embed__wrapper\">\n<iframe title=\"Teaser - Atelier de la Lorgnette - Il n&#039;y a pas si longtemps - 20220202K\" src=\"https:\/\/player.vimeo.com\/video\/855734964?dnt=1&amp;app_id=122963\" width=\"1170\" height=\"658\" frameborder=\"0\" allow=\"autoplay; fullscreen; picture-in-picture\"><\/iframe>\n<\/div><\/figure>\n\n\n\n<p>Enregistrement en deux temps : Lors de la g\u00e9n\u00e9rale et plan sp\u00e9cifique + repr\u00e9sentation publique<br>Production \u00e0 l&rsquo;aide de 2 cam\u00e9ras (1 fixe, 1 en suivi) + enregistrement audio d\u00e9port\u00e9 avec mise en place de plusieurs micros et enregistreur num\u00e9rique d\u00e9di\u00e9.<\/p>\n\n\n\n<p>Objectif du teaser vid\u00e9o pour la troupe : Promotion et vente de la repr\u00e9sentation th\u00e9\u00e2trale.<\/p>\n\n\n\n<figure class=\"wp-block-gallery has-nested-images columns-default is-cropped wp-block-gallery-1 is-layout-flex wp-block-gallery-is-layout-flex\">\n<figure data-wp-context=\"{&quot;imageId&quot;:&quot;69f188958fc9c&quot;}\" data-wp-interactive=\"core\/image\" data-wp-key=\"69f188958fc9c\" class=\"wp-block-image size-medium wp-lightbox-container\"><img fetchpriority=\"high\" decoding=\"async\" width=\"300\" height=\"300\" data-wp-class--hide=\"state.isContentHidden\" data-wp-class--show=\"state.isContentVisible\" data-wp-init=\"callbacks.setButtonStyles\" data-wp-on--click=\"actions.showLightbox\" data-wp-on--load=\"callbacks.setButtonStyles\" data-wp-on-window--resize=\"callbacks.setButtonStyles\" data-id=\"3039\" src=\"https:\/\/www.clipweb.fr\/videaste\/wp-content\/uploads\/2024\/02\/Climax-Zygomatic_Photographe-Backstage-Spectacle-OlivierG-REFLEXHAUT-300x300.jpg\" alt=\"Photographie Backstage - Spectacle Climax - Niort 2022\" class=\"wp-image-3039\" srcset=\"https:\/\/www.clipweb.fr\/videaste\/wp-content\/uploads\/2024\/02\/Climax-Zygomatic_Photographe-Backstage-Spectacle-OlivierG-REFLEXHAUT-300x300.jpg 300w, https:\/\/www.clipweb.fr\/videaste\/wp-content\/uploads\/2024\/02\/Climax-Zygomatic_Photographe-Backstage-Spectacle-OlivierG-REFLEXHAUT-1024x1024.jpg 1024w, https:\/\/www.clipweb.fr\/videaste\/wp-content\/uploads\/2024\/02\/Climax-Zygomatic_Photographe-Backstage-Spectacle-OlivierG-REFLEXHAUT-150x150.jpg 150w, https:\/\/www.clipweb.fr\/videaste\/wp-content\/uploads\/2024\/02\/Climax-Zygomatic_Photographe-Backstage-Spectacle-OlivierG-REFLEXHAUT-768x768.jpg 768w, https:\/\/www.clipweb.fr\/videaste\/wp-content\/uploads\/2024\/02\/Climax-Zygomatic_Photographe-Backstage-Spectacle-OlivierG-REFLEXHAUT-850x850.jpg 850w, https:\/\/www.clipweb.fr\/videaste\/wp-content\/uploads\/2024\/02\/Climax-Zygomatic_Photographe-Backstage-Spectacle-OlivierG-REFLEXHAUT.jpg 1080w\" sizes=\"(max-width: 300px) 100vw, 300px\" \/><button\n\t\t\tclass=\"lightbox-trigger\"\n\t\t\ttype=\"button\"\n\t\t\taria-haspopup=\"dialog\"\n\t\t\taria-label=\"Agrandir\"\n\t\t\tdata-wp-init=\"callbacks.initTriggerButton\"\n\t\t\tdata-wp-on--click=\"actions.showLightbox\"\n\t\t\tdata-wp-style--right=\"state.imageButtonRight\"\n\t\t\tdata-wp-style--top=\"state.imageButtonTop\"\n\t\t>\n\t\t\t<svg xmlns=\"http:\/\/www.w3.org\/2000\/svg\" width=\"12\" height=\"12\" fill=\"none\" viewBox=\"0 0 12 12\">\n\t\t\t\t<path fill=\"#fff\" d=\"M2 0a2 2 0 0 0-2 2v2h1.5V2a.5.5 0 0 1 .5-.5h2V0H2Zm2 10.5H2a.5.5 0 0 1-.5-.5V8H0v2a2 2 0 0 0 2 2h2v-1.5ZM8 12v-1.5h2a.5.5 0 0 0 .5-.5V8H12v2a2 2 0 0 1-2 2H8Zm2-12a2 2 0 0 1 2 2v2h-1.5V2a.5.5 0 0 0-.5-.5H8V0h2Z\" \/>\n\t\t\t<\/svg>\n\t\t<\/button><figcaption class=\"wp-element-caption\">Studio de production REFLEXHAUT\rReportage Spectacle &#8211; Backstage &#8211; Climax Niort 2022 par la compagnie Zygomatic. ClipWeb.fr\rTous droits r\u00e9serv\u00e9s.<\/figcaption><\/figure>\n\n\n\n<figure data-wp-context=\"{&quot;imageId&quot;:&quot;69f18895900bb&quot;}\" data-wp-interactive=\"core\/image\" data-wp-key=\"69f18895900bb\" class=\"wp-block-image size-medium wp-lightbox-container\"><img decoding=\"async\" width=\"300\" height=\"300\" data-wp-class--hide=\"state.isContentHidden\" data-wp-class--show=\"state.isContentVisible\" data-wp-init=\"callbacks.setButtonStyles\" data-wp-on--click=\"actions.showLightbox\" data-wp-on--load=\"callbacks.setButtonStyles\" data-wp-on-window--resize=\"callbacks.setButtonStyles\" data-id=\"3038\" src=\"https:\/\/www.clipweb.fr\/videaste\/wp-content\/uploads\/2024\/02\/Concert-spectacle-79-REFLEXHAUT-ClipWeb-12022022-DSC03792-300x300.jpg\" alt=\"Photo backstage - Teaser - Concert MADA - Marghe (The Voice 2021) et David\" class=\"wp-image-3038\" srcset=\"https:\/\/www.clipweb.fr\/videaste\/wp-content\/uploads\/2024\/02\/Concert-spectacle-79-REFLEXHAUT-ClipWeb-12022022-DSC03792-300x300.jpg 300w, https:\/\/www.clipweb.fr\/videaste\/wp-content\/uploads\/2024\/02\/Concert-spectacle-79-REFLEXHAUT-ClipWeb-12022022-DSC03792-1024x1024.jpg 1024w, https:\/\/www.clipweb.fr\/videaste\/wp-content\/uploads\/2024\/02\/Concert-spectacle-79-REFLEXHAUT-ClipWeb-12022022-DSC03792-150x150.jpg 150w, https:\/\/www.clipweb.fr\/videaste\/wp-content\/uploads\/2024\/02\/Concert-spectacle-79-REFLEXHAUT-ClipWeb-12022022-DSC03792-768x768.jpg 768w, https:\/\/www.clipweb.fr\/videaste\/wp-content\/uploads\/2024\/02\/Concert-spectacle-79-REFLEXHAUT-ClipWeb-12022022-DSC03792-850x850.jpg 850w, https:\/\/www.clipweb.fr\/videaste\/wp-content\/uploads\/2024\/02\/Concert-spectacle-79-REFLEXHAUT-ClipWeb-12022022-DSC03792.jpg 1080w\" sizes=\"(max-width: 300px) 100vw, 300px\" \/><button\n\t\t\tclass=\"lightbox-trigger\"\n\t\t\ttype=\"button\"\n\t\t\taria-haspopup=\"dialog\"\n\t\t\taria-label=\"Agrandir\"\n\t\t\tdata-wp-init=\"callbacks.initTriggerButton\"\n\t\t\tdata-wp-on--click=\"actions.showLightbox\"\n\t\t\tdata-wp-style--right=\"state.imageButtonRight\"\n\t\t\tdata-wp-style--top=\"state.imageButtonTop\"\n\t\t>\n\t\t\t<svg xmlns=\"http:\/\/www.w3.org\/2000\/svg\" width=\"12\" height=\"12\" fill=\"none\" viewBox=\"0 0 12 12\">\n\t\t\t\t<path fill=\"#fff\" d=\"M2 0a2 2 0 0 0-2 2v2h1.5V2a.5.5 0 0 1 .5-.5h2V0H2Zm2 10.5H2a.5.5 0 0 1-.5-.5V8H0v2a2 2 0 0 0 2 2h2v-1.5ZM8 12v-1.5h2a.5.5 0 0 0 .5-.5V8H12v2a2 2 0 0 1-2 2H8Zm2-12a2 2 0 0 1 2 2v2h-1.5V2a.5.5 0 0 0-.5-.5H8V0h2Z\" \/>\n\t\t\t<\/svg>\n\t\t<\/button><\/figure>\n<\/figure>\n","protected":false},"excerpt":{"rendered":"<p>Vid\u00e9aste &#8211; Production Teaser Vid\u00e9o Teaser vid\u00e9o r\u00e9alis\u00e9 pour la troupe Vend\u00e9enne \u00ab\u00a0Atelier de la Lorgnette Enregistrement en deux temps : Lors de la g\u00e9n\u00e9rale et plan sp\u00e9cifique + repr\u00e9sentation publiqueProduction \u00e0 l&rsquo;aide de 2 cam\u00e9ras (1 fixe, 1 en suivi) + enregistrement audio d\u00e9port\u00e9 avec mise en place de&#8230;<\/p>\n","protected":false},"author":1,"featured_media":0,"parent":0,"menu_order":0,"comment_status":"closed","ping_status":"closed","template":"","meta":{"footnotes":""},"class_list":["post-2936","page","type-page","status-publish","hentry"],"acf":[],"yoast_head":"<!-- This site is optimized with the Yoast SEO plugin v27.5 - https:\/\/yoast.com\/product\/yoast-seo-wordpress\/ -->\n<title>Production Teaser Vid\u00e9o - Vid\u00e9aste Professionnel<\/title>\n<meta name=\"robots\" content=\"index, follow, max-snippet:-1, max-image-preview:large, max-video-preview:-1\" \/>\n<link rel=\"canonical\" href=\"https:\/\/www.clipweb.fr\/videaste\/production-teaser-video\/\" \/>\n<meta property=\"og:locale\" content=\"fr_FR\" \/>\n<meta property=\"og:type\" content=\"article\" \/>\n<meta property=\"og:title\" content=\"Production Teaser Vid\u00e9o - Vid\u00e9aste Professionnel\" \/>\n<meta property=\"og:description\" content=\"Vid\u00e9aste &#8211; Production Teaser Vid\u00e9o Teaser vid\u00e9o r\u00e9alis\u00e9 pour la troupe Vend\u00e9enne \u00ab\u00a0Atelier de la Lorgnette Enregistrement en deux temps : Lors de la g\u00e9n\u00e9rale et plan sp\u00e9cifique + repr\u00e9sentation publiqueProduction \u00e0 l&rsquo;aide de 2 cam\u00e9ras (1 fixe, 1 en suivi) + enregistrement audio d\u00e9port\u00e9 avec mise en place de...\" \/>\n<meta property=\"og:url\" content=\"https:\/\/www.clipweb.fr\/videaste\/production-teaser-video\/\" \/>\n<meta property=\"og:site_name\" content=\"Vid\u00e9aste Professionnel\" \/>\n<meta property=\"article:publisher\" content=\"https:\/\/www.facebook.com\/ClipWeb.fr\" \/>\n<meta property=\"article:modified_time\" content=\"2024-02-29T10:44:42+00:00\" \/>\n<meta property=\"og:image\" content=\"https:\/\/www.clipweb.fr\/videaste\/wp-content\/uploads\/2024\/02\/Climax-Zygomatic_Photographe-Backstage-Spectacle-OlivierG-REFLEXHAUT-300x300.jpg\" \/>\n<meta name=\"twitter:card\" content=\"summary_large_image\" \/>\n<meta name=\"twitter:label1\" content=\"Dur\u00e9e de lecture estim\u00e9e\" \/>\n\t<meta name=\"twitter:data1\" content=\"1 minute\" \/>\n<script type=\"application\/ld+json\" class=\"yoast-schema-graph\">{\"@context\":\"https:\\\/\\\/schema.org\",\"@graph\":[{\"@type\":\"WebPage\",\"@id\":\"https:\\\/\\\/www.clipweb.fr\\\/videaste\\\/production-teaser-video\\\/\",\"url\":\"https:\\\/\\\/www.clipweb.fr\\\/videaste\\\/production-teaser-video\\\/\",\"name\":\"Production Teaser Vid\u00e9o - Vid\u00e9aste Professionnel\",\"isPartOf\":{\"@id\":\"https:\\\/\\\/www.clipweb.fr\\\/videaste\\\/#website\"},\"primaryImageOfPage\":{\"@id\":\"https:\\\/\\\/www.clipweb.fr\\\/videaste\\\/production-teaser-video\\\/#primaryimage\"},\"image\":{\"@id\":\"https:\\\/\\\/www.clipweb.fr\\\/videaste\\\/production-teaser-video\\\/#primaryimage\"},\"thumbnailUrl\":\"https:\\\/\\\/www.clipweb.fr\\\/videaste\\\/wp-content\\\/uploads\\\/2024\\\/02\\\/Climax-Zygomatic_Photographe-Backstage-Spectacle-OlivierG-REFLEXHAUT-300x300.jpg\",\"datePublished\":\"2024-02-10T15:45:40+00:00\",\"dateModified\":\"2024-02-29T10:44:42+00:00\",\"breadcrumb\":{\"@id\":\"https:\\\/\\\/www.clipweb.fr\\\/videaste\\\/production-teaser-video\\\/#breadcrumb\"},\"inLanguage\":\"fr-FR\",\"potentialAction\":[{\"@type\":\"ReadAction\",\"target\":[\"https:\\\/\\\/www.clipweb.fr\\\/videaste\\\/production-teaser-video\\\/\"]}]},{\"@type\":\"ImageObject\",\"inLanguage\":\"fr-FR\",\"@id\":\"https:\\\/\\\/www.clipweb.fr\\\/videaste\\\/production-teaser-video\\\/#primaryimage\",\"url\":\"https:\\\/\\\/www.clipweb.fr\\\/videaste\\\/wp-content\\\/uploads\\\/2024\\\/02\\\/Climax-Zygomatic_Photographe-Backstage-Spectacle-OlivierG-REFLEXHAUT.jpg\",\"contentUrl\":\"https:\\\/\\\/www.clipweb.fr\\\/videaste\\\/wp-content\\\/uploads\\\/2024\\\/02\\\/Climax-Zygomatic_Photographe-Backstage-Spectacle-OlivierG-REFLEXHAUT.jpg\",\"width\":1080,\"height\":1080,\"caption\":\"Studio de production REFLEXHAUT Reportage Spectacle - Backstage - Climax Niort 2022 par la compagnie Zygomatic. ClipWeb.fr Tous droits r\u00e9serv\u00e9s.\"},{\"@type\":\"BreadcrumbList\",\"@id\":\"https:\\\/\\\/www.clipweb.fr\\\/videaste\\\/production-teaser-video\\\/#breadcrumb\",\"itemListElement\":[{\"@type\":\"ListItem\",\"position\":1,\"name\":\"Accueil\",\"item\":\"https:\\\/\\\/www.clipweb.fr\\\/videaste\\\/\"},{\"@type\":\"ListItem\",\"position\":2,\"name\":\"Production Teaser Vid\u00e9o\"}]},{\"@type\":\"WebSite\",\"@id\":\"https:\\\/\\\/www.clipweb.fr\\\/videaste\\\/#website\",\"url\":\"https:\\\/\\\/www.clipweb.fr\\\/videaste\\\/\",\"name\":\"Vid\u00e9aste Professionnel\",\"description\":\"Production Vid\u00e9o - Captation Vid\u00e9o\",\"publisher\":{\"@id\":\"https:\\\/\\\/www.clipweb.fr\\\/videaste\\\/#organization\"},\"potentialAction\":[{\"@type\":\"SearchAction\",\"target\":{\"@type\":\"EntryPoint\",\"urlTemplate\":\"https:\\\/\\\/www.clipweb.fr\\\/videaste\\\/?s={search_term_string}\"},\"query-input\":{\"@type\":\"PropertyValueSpecification\",\"valueRequired\":true,\"valueName\":\"search_term_string\"}}],\"inLanguage\":\"fr-FR\"},{\"@type\":\"Organization\",\"@id\":\"https:\\\/\\\/www.clipweb.fr\\\/videaste\\\/#organization\",\"name\":\"Vid\u00e9aste Professionnel\",\"url\":\"https:\\\/\\\/www.clipweb.fr\\\/videaste\\\/\",\"logo\":{\"@type\":\"ImageObject\",\"inLanguage\":\"fr-FR\",\"@id\":\"https:\\\/\\\/www.clipweb.fr\\\/videaste\\\/#\\\/schema\\\/logo\\\/image\\\/\",\"url\":\"https:\\\/\\\/www.clipweb.fr\\\/videaste\\\/wp-content\\\/uploads\\\/2023\\\/12\\\/ClipWeb-fr_REFELXHAUT_2312a_250x75n.png\",\"contentUrl\":\"https:\\\/\\\/www.clipweb.fr\\\/videaste\\\/wp-content\\\/uploads\\\/2023\\\/12\\\/ClipWeb-fr_REFELXHAUT_2312a_250x75n.png\",\"width\":250,\"height\":75,\"caption\":\"Vid\u00e9aste Professionnel\"},\"image\":{\"@id\":\"https:\\\/\\\/www.clipweb.fr\\\/videaste\\\/#\\\/schema\\\/logo\\\/image\\\/\"},\"sameAs\":[\"https:\\\/\\\/www.facebook.com\\\/ClipWeb.fr\",\"https:\\\/\\\/www.instagram.com\\\/clipweb.fr\"]}]}<\/script>\n<!-- \/ Yoast SEO plugin. -->","yoast_head_json":{"title":"Production Teaser Vid\u00e9o - Vid\u00e9aste Professionnel","robots":{"index":"index","follow":"follow","max-snippet":"max-snippet:-1","max-image-preview":"max-image-preview:large","max-video-preview":"max-video-preview:-1"},"canonical":"https:\/\/www.clipweb.fr\/videaste\/production-teaser-video\/","og_locale":"fr_FR","og_type":"article","og_title":"Production Teaser Vid\u00e9o - Vid\u00e9aste Professionnel","og_description":"Vid\u00e9aste &#8211; Production Teaser Vid\u00e9o Teaser vid\u00e9o r\u00e9alis\u00e9 pour la troupe Vend\u00e9enne \u00ab\u00a0Atelier de la Lorgnette Enregistrement en deux temps : Lors de la g\u00e9n\u00e9rale et plan sp\u00e9cifique + repr\u00e9sentation publiqueProduction \u00e0 l&rsquo;aide de 2 cam\u00e9ras (1 fixe, 1 en suivi) + enregistrement audio d\u00e9port\u00e9 avec mise en place de...","og_url":"https:\/\/www.clipweb.fr\/videaste\/production-teaser-video\/","og_site_name":"Vid\u00e9aste Professionnel","article_publisher":"https:\/\/www.facebook.com\/ClipWeb.fr","article_modified_time":"2024-02-29T10:44:42+00:00","og_image":[{"url":"https:\/\/www.clipweb.fr\/videaste\/wp-content\/uploads\/2024\/02\/Climax-Zygomatic_Photographe-Backstage-Spectacle-OlivierG-REFLEXHAUT-300x300.jpg","type":"","width":"","height":""}],"twitter_card":"summary_large_image","twitter_misc":{"Dur\u00e9e de lecture estim\u00e9e":"1 minute"},"schema":{"@context":"https:\/\/schema.org","@graph":[{"@type":"WebPage","@id":"https:\/\/www.clipweb.fr\/videaste\/production-teaser-video\/","url":"https:\/\/www.clipweb.fr\/videaste\/production-teaser-video\/","name":"Production Teaser Vid\u00e9o - Vid\u00e9aste Professionnel","isPartOf":{"@id":"https:\/\/www.clipweb.fr\/videaste\/#website"},"primaryImageOfPage":{"@id":"https:\/\/www.clipweb.fr\/videaste\/production-teaser-video\/#primaryimage"},"image":{"@id":"https:\/\/www.clipweb.fr\/videaste\/production-teaser-video\/#primaryimage"},"thumbnailUrl":"https:\/\/www.clipweb.fr\/videaste\/wp-content\/uploads\/2024\/02\/Climax-Zygomatic_Photographe-Backstage-Spectacle-OlivierG-REFLEXHAUT-300x300.jpg","datePublished":"2024-02-10T15:45:40+00:00","dateModified":"2024-02-29T10:44:42+00:00","breadcrumb":{"@id":"https:\/\/www.clipweb.fr\/videaste\/production-teaser-video\/#breadcrumb"},"inLanguage":"fr-FR","potentialAction":[{"@type":"ReadAction","target":["https:\/\/www.clipweb.fr\/videaste\/production-teaser-video\/"]}]},{"@type":"ImageObject","inLanguage":"fr-FR","@id":"https:\/\/www.clipweb.fr\/videaste\/production-teaser-video\/#primaryimage","url":"https:\/\/www.clipweb.fr\/videaste\/wp-content\/uploads\/2024\/02\/Climax-Zygomatic_Photographe-Backstage-Spectacle-OlivierG-REFLEXHAUT.jpg","contentUrl":"https:\/\/www.clipweb.fr\/videaste\/wp-content\/uploads\/2024\/02\/Climax-Zygomatic_Photographe-Backstage-Spectacle-OlivierG-REFLEXHAUT.jpg","width":1080,"height":1080,"caption":"Studio de production REFLEXHAUT Reportage Spectacle - Backstage - Climax Niort 2022 par la compagnie Zygomatic. ClipWeb.fr Tous droits r\u00e9serv\u00e9s."},{"@type":"BreadcrumbList","@id":"https:\/\/www.clipweb.fr\/videaste\/production-teaser-video\/#breadcrumb","itemListElement":[{"@type":"ListItem","position":1,"name":"Accueil","item":"https:\/\/www.clipweb.fr\/videaste\/"},{"@type":"ListItem","position":2,"name":"Production Teaser Vid\u00e9o"}]},{"@type":"WebSite","@id":"https:\/\/www.clipweb.fr\/videaste\/#website","url":"https:\/\/www.clipweb.fr\/videaste\/","name":"Vid\u00e9aste Professionnel","description":"Production Vid\u00e9o - Captation Vid\u00e9o","publisher":{"@id":"https:\/\/www.clipweb.fr\/videaste\/#organization"},"potentialAction":[{"@type":"SearchAction","target":{"@type":"EntryPoint","urlTemplate":"https:\/\/www.clipweb.fr\/videaste\/?s={search_term_string}"},"query-input":{"@type":"PropertyValueSpecification","valueRequired":true,"valueName":"search_term_string"}}],"inLanguage":"fr-FR"},{"@type":"Organization","@id":"https:\/\/www.clipweb.fr\/videaste\/#organization","name":"Vid\u00e9aste Professionnel","url":"https:\/\/www.clipweb.fr\/videaste\/","logo":{"@type":"ImageObject","inLanguage":"fr-FR","@id":"https:\/\/www.clipweb.fr\/videaste\/#\/schema\/logo\/image\/","url":"https:\/\/www.clipweb.fr\/videaste\/wp-content\/uploads\/2023\/12\/ClipWeb-fr_REFELXHAUT_2312a_250x75n.png","contentUrl":"https:\/\/www.clipweb.fr\/videaste\/wp-content\/uploads\/2023\/12\/ClipWeb-fr_REFELXHAUT_2312a_250x75n.png","width":250,"height":75,"caption":"Vid\u00e9aste Professionnel"},"image":{"@id":"https:\/\/www.clipweb.fr\/videaste\/#\/schema\/logo\/image\/"},"sameAs":["https:\/\/www.facebook.com\/ClipWeb.fr","https:\/\/www.instagram.com\/clipweb.fr"]}]}},"_links":{"self":[{"href":"https:\/\/www.clipweb.fr\/videaste\/wp-json\/wp\/v2\/pages\/2936","targetHints":{"allow":["GET"]}}],"collection":[{"href":"https:\/\/www.clipweb.fr\/videaste\/wp-json\/wp\/v2\/pages"}],"about":[{"href":"https:\/\/www.clipweb.fr\/videaste\/wp-json\/wp\/v2\/types\/page"}],"author":[{"embeddable":true,"href":"https:\/\/www.clipweb.fr\/videaste\/wp-json\/wp\/v2\/users\/1"}],"replies":[{"embeddable":true,"href":"https:\/\/www.clipweb.fr\/videaste\/wp-json\/wp\/v2\/comments?post=2936"}],"version-history":[{"count":2,"href":"https:\/\/www.clipweb.fr\/videaste\/wp-json\/wp\/v2\/pages\/2936\/revisions"}],"predecessor-version":[{"id":3041,"href":"https:\/\/www.clipweb.fr\/videaste\/wp-json\/wp\/v2\/pages\/2936\/revisions\/3041"}],"wp:attachment":[{"href":"https:\/\/www.clipweb.fr\/videaste\/wp-json\/wp\/v2\/media?parent=2936"}],"curies":[{"name":"wp","href":"https:\/\/api.w.org\/{rel}","templated":true}]}}