{"id":2878,"date":"2024-02-10T14:43:05","date_gmt":"2024-02-10T14:43:05","guid":{"rendered":"https:\/\/www.clipweb.fr\/videaste\/?page_id=2878"},"modified":"2024-02-29T11:39:48","modified_gmt":"2024-02-29T10:39:48","slug":"video-spectacle-captation-niort","status":"publish","type":"page","link":"https:\/\/www.clipweb.fr\/videaste\/video-spectacle-captation-niort\/","title":{"rendered":"Captation &#8211; Vid\u00e9o Spectacle"},"content":{"rendered":"\n<h2 class=\"wp-block-heading\">Vid\u00e9o Spectacle &#8211; Concert AMATINI-ADAGIO<\/h2>\n\n\n\n<p>Concert enregistr\u00e9 lors de la repr\u00e9sentation publique au Temple de Niort en 2022.<\/p>\n\n\n\n<figure class=\"wp-block-embed is-type-video is-provider-vimeo wp-block-embed-vimeo wp-embed-aspect-16-9 wp-has-aspect-ratio\"><div class=\"wp-block-embed__wrapper\">\n<iframe title=\"Extrait Captation - Concert AMATINI-ADAGIO - Niort 2022\" src=\"https:\/\/player.vimeo.com\/video\/855947765?dnt=1&amp;app_id=122963\" width=\"1170\" height=\"658\" frameborder=\"0\" allow=\"autoplay; fullscreen; picture-in-picture\"><\/iframe>\n<\/div><\/figure>\n\n\n\n<p>Commande de captation vid\u00e9o par l&rsquo;association organisatrice pour production de d&rsquo;une vid\u00e9o et DVD souvenir.<br>Production \u00e0 l&rsquo;aide de 2 cam\u00e9ras (1 fixe, 1 en suivi) + enregistrement audio d\u00e9port\u00e9 avec mise en place de plusieurs micros et enregistreur num\u00e9rique d\u00e9di\u00e9.<\/p>\n\n\n\n<figure class=\"wp-block-gallery has-nested-images columns-default is-cropped wp-block-gallery-1 is-layout-flex wp-block-gallery-is-layout-flex\">\n<figure data-wp-context=\"{&quot;imageId&quot;:&quot;6a04fff405aef&quot;}\" data-wp-interactive=\"core\/image\" data-wp-key=\"6a04fff405aef\" class=\"wp-block-image size-medium wp-lightbox-container\"><img fetchpriority=\"high\" decoding=\"async\" width=\"300\" height=\"300\" data-wp-class--hide=\"state.isContentHidden\" data-wp-class--show=\"state.isContentVisible\" data-wp-init=\"callbacks.setButtonStyles\" data-wp-on--click=\"actions.showLightbox\" data-wp-on--load=\"callbacks.setButtonStyles\" data-wp-on-window--resize=\"callbacks.setButtonStyles\" data-id=\"3033\" src=\"https:\/\/www.clipweb.fr\/videaste\/wp-content\/uploads\/2024\/02\/Video-Captation-Spectacle_Danse-Niort-79-ClipWeb-300x300.jpg\" alt=\"Vid\u00e9o Captation Spectacle - Ecole com\u00e9die musicale - 17\/79 - D'Art NJ\" class=\"wp-image-3033\" srcset=\"https:\/\/www.clipweb.fr\/videaste\/wp-content\/uploads\/2024\/02\/Video-Captation-Spectacle_Danse-Niort-79-ClipWeb-300x300.jpg 300w, https:\/\/www.clipweb.fr\/videaste\/wp-content\/uploads\/2024\/02\/Video-Captation-Spectacle_Danse-Niort-79-ClipWeb-1024x1024.jpg 1024w, https:\/\/www.clipweb.fr\/videaste\/wp-content\/uploads\/2024\/02\/Video-Captation-Spectacle_Danse-Niort-79-ClipWeb-150x150.jpg 150w, https:\/\/www.clipweb.fr\/videaste\/wp-content\/uploads\/2024\/02\/Video-Captation-Spectacle_Danse-Niort-79-ClipWeb-768x768.jpg 768w, https:\/\/www.clipweb.fr\/videaste\/wp-content\/uploads\/2024\/02\/Video-Captation-Spectacle_Danse-Niort-79-ClipWeb-850x850.jpg 850w, https:\/\/www.clipweb.fr\/videaste\/wp-content\/uploads\/2024\/02\/Video-Captation-Spectacle_Danse-Niort-79-ClipWeb.jpg 1080w\" sizes=\"(max-width: 300px) 100vw, 300px\" \/><button\n\t\t\tclass=\"lightbox-trigger\"\n\t\t\ttype=\"button\"\n\t\t\taria-haspopup=\"dialog\"\n\t\t\taria-label=\"Agrandir\"\n\t\t\tdata-wp-init=\"callbacks.initTriggerButton\"\n\t\t\tdata-wp-on--click=\"actions.showLightbox\"\n\t\t\tdata-wp-style--right=\"state.imageButtonRight\"\n\t\t\tdata-wp-style--top=\"state.imageButtonTop\"\n\t\t>\n\t\t\t<svg xmlns=\"http:\/\/www.w3.org\/2000\/svg\" width=\"12\" height=\"12\" fill=\"none\" viewBox=\"0 0 12 12\">\n\t\t\t\t<path fill=\"#fff\" d=\"M2 0a2 2 0 0 0-2 2v2h1.5V2a.5.5 0 0 1 .5-.5h2V0H2Zm2 10.5H2a.5.5 0 0 1-.5-.5V8H0v2a2 2 0 0 0 2 2h2v-1.5ZM8 12v-1.5h2a.5.5 0 0 0 .5-.5V8H12v2a2 2 0 0 1-2 2H8Zm2-12a2 2 0 0 1 2 2v2h-1.5V2a.5.5 0 0 0-.5-.5H8V0h2Z\" \/>\n\t\t\t<\/svg>\n\t\t<\/button><figcaption class=\"wp-element-caption\">Cr\u00e9ation Olivier G. &#8211; REFLEXHAUT<\/figcaption><\/figure>\n\n\n\n<figure data-wp-context=\"{&quot;imageId&quot;:&quot;6a04fff405f15&quot;}\" data-wp-interactive=\"core\/image\" data-wp-key=\"6a04fff405f15\" class=\"wp-block-image size-medium wp-lightbox-container\"><img decoding=\"async\" width=\"300\" height=\"300\" data-wp-class--hide=\"state.isContentHidden\" data-wp-class--show=\"state.isContentVisible\" data-wp-init=\"callbacks.setButtonStyles\" data-wp-on--click=\"actions.showLightbox\" data-wp-on--load=\"callbacks.setButtonStyles\" data-wp-on-window--resize=\"callbacks.setButtonStyles\" data-id=\"3031\" src=\"https:\/\/www.clipweb.fr\/videaste\/wp-content\/uploads\/2024\/02\/Videaste-production-DVD-Spectacle-Video-ClipWeb_fr-2023-300x300.jpg\" alt=\"DVD Spectacle - Vid\u00e9o Master - Captation Spectacle - Vid\u00e9aste Niort\" class=\"wp-image-3031\" srcset=\"https:\/\/www.clipweb.fr\/videaste\/wp-content\/uploads\/2024\/02\/Videaste-production-DVD-Spectacle-Video-ClipWeb_fr-2023-300x300.jpg 300w, https:\/\/www.clipweb.fr\/videaste\/wp-content\/uploads\/2024\/02\/Videaste-production-DVD-Spectacle-Video-ClipWeb_fr-2023-1024x1024.jpg 1024w, https:\/\/www.clipweb.fr\/videaste\/wp-content\/uploads\/2024\/02\/Videaste-production-DVD-Spectacle-Video-ClipWeb_fr-2023-150x150.jpg 150w, https:\/\/www.clipweb.fr\/videaste\/wp-content\/uploads\/2024\/02\/Videaste-production-DVD-Spectacle-Video-ClipWeb_fr-2023-768x768.jpg 768w, https:\/\/www.clipweb.fr\/videaste\/wp-content\/uploads\/2024\/02\/Videaste-production-DVD-Spectacle-Video-ClipWeb_fr-2023-850x850.jpg 850w, https:\/\/www.clipweb.fr\/videaste\/wp-content\/uploads\/2024\/02\/Videaste-production-DVD-Spectacle-Video-ClipWeb_fr-2023.jpg 1080w\" sizes=\"(max-width: 300px) 100vw, 300px\" \/><button\n\t\t\tclass=\"lightbox-trigger\"\n\t\t\ttype=\"button\"\n\t\t\taria-haspopup=\"dialog\"\n\t\t\taria-label=\"Agrandir\"\n\t\t\tdata-wp-init=\"callbacks.initTriggerButton\"\n\t\t\tdata-wp-on--click=\"actions.showLightbox\"\n\t\t\tdata-wp-style--right=\"state.imageButtonRight\"\n\t\t\tdata-wp-style--top=\"state.imageButtonTop\"\n\t\t>\n\t\t\t<svg xmlns=\"http:\/\/www.w3.org\/2000\/svg\" width=\"12\" height=\"12\" fill=\"none\" viewBox=\"0 0 12 12\">\n\t\t\t\t<path fill=\"#fff\" d=\"M2 0a2 2 0 0 0-2 2v2h1.5V2a.5.5 0 0 1 .5-.5h2V0H2Zm2 10.5H2a.5.5 0 0 1-.5-.5V8H0v2a2 2 0 0 0 2 2h2v-1.5ZM8 12v-1.5h2a.5.5 0 0 0 .5-.5V8H12v2a2 2 0 0 1-2 2H8Zm2-12a2 2 0 0 1 2 2v2h-1.5V2a.5.5 0 0 0-.5-.5H8V0h2Z\" \/>\n\t\t\t<\/svg>\n\t\t<\/button><figcaption class=\"wp-element-caption\">DVD REFLEXHAUT &#8211; ClipWeb.fr<\/figcaption><\/figure>\n\n\n\n<figure data-wp-context=\"{&quot;imageId&quot;:&quot;6a04fff4062ad&quot;}\" data-wp-interactive=\"core\/image\" data-wp-key=\"6a04fff4062ad\" class=\"wp-block-image size-medium wp-lightbox-container\"><img decoding=\"async\" width=\"300\" height=\"300\" data-wp-class--hide=\"state.isContentHidden\" data-wp-class--show=\"state.isContentVisible\" data-wp-init=\"callbacks.setButtonStyles\" data-wp-on--click=\"actions.showLightbox\" data-wp-on--load=\"callbacks.setButtonStyles\" data-wp-on-window--resize=\"callbacks.setButtonStyles\" data-id=\"3032\" src=\"https:\/\/www.clipweb.fr\/videaste\/wp-content\/uploads\/2024\/02\/Videaste-Dvd_Production_Video_Captation-Spectacle_ClipWeb_FR_Terpsichore2023-300x300.jpg\" alt=\"DVD - Vid\u00e9o Spectacle Danse - Fontenay le Comte 85 - Ecole Terpsichore - Vid\u00e9aste Gala Danse\" class=\"wp-image-3032\" srcset=\"https:\/\/www.clipweb.fr\/videaste\/wp-content\/uploads\/2024\/02\/Videaste-Dvd_Production_Video_Captation-Spectacle_ClipWeb_FR_Terpsichore2023-300x300.jpg 300w, https:\/\/www.clipweb.fr\/videaste\/wp-content\/uploads\/2024\/02\/Videaste-Dvd_Production_Video_Captation-Spectacle_ClipWeb_FR_Terpsichore2023-1024x1024.jpg 1024w, https:\/\/www.clipweb.fr\/videaste\/wp-content\/uploads\/2024\/02\/Videaste-Dvd_Production_Video_Captation-Spectacle_ClipWeb_FR_Terpsichore2023-150x150.jpg 150w, https:\/\/www.clipweb.fr\/videaste\/wp-content\/uploads\/2024\/02\/Videaste-Dvd_Production_Video_Captation-Spectacle_ClipWeb_FR_Terpsichore2023-768x768.jpg 768w, https:\/\/www.clipweb.fr\/videaste\/wp-content\/uploads\/2024\/02\/Videaste-Dvd_Production_Video_Captation-Spectacle_ClipWeb_FR_Terpsichore2023-850x850.jpg 850w, https:\/\/www.clipweb.fr\/videaste\/wp-content\/uploads\/2024\/02\/Videaste-Dvd_Production_Video_Captation-Spectacle_ClipWeb_FR_Terpsichore2023.jpg 1080w\" sizes=\"(max-width: 300px) 100vw, 300px\" \/><button\n\t\t\tclass=\"lightbox-trigger\"\n\t\t\ttype=\"button\"\n\t\t\taria-haspopup=\"dialog\"\n\t\t\taria-label=\"Agrandir\"\n\t\t\tdata-wp-init=\"callbacks.initTriggerButton\"\n\t\t\tdata-wp-on--click=\"actions.showLightbox\"\n\t\t\tdata-wp-style--right=\"state.imageButtonRight\"\n\t\t\tdata-wp-style--top=\"state.imageButtonTop\"\n\t\t>\n\t\t\t<svg xmlns=\"http:\/\/www.w3.org\/2000\/svg\" width=\"12\" height=\"12\" fill=\"none\" viewBox=\"0 0 12 12\">\n\t\t\t\t<path fill=\"#fff\" d=\"M2 0a2 2 0 0 0-2 2v2h1.5V2a.5.5 0 0 1 .5-.5h2V0H2Zm2 10.5H2a.5.5 0 0 1-.5-.5V8H0v2a2 2 0 0 0 2 2h2v-1.5ZM8 12v-1.5h2a.5.5 0 0 0 .5-.5V8H12v2a2 2 0 0 1-2 2H8Zm2-12a2 2 0 0 1 2 2v2h-1.5V2a.5.5 0 0 0-.5-.5H8V0h2Z\" \/>\n\t\t\t<\/svg>\n\t\t<\/button><figcaption class=\"wp-element-caption\">Cr\u00e9ation Olivier G. &#8211; REFLEXHAUT<\/figcaption><\/figure>\n<\/figure>\n\n\n\n<h2 class=\"wp-block-heading\">Vid\u00e9o Spectacle &#8211; Concert Intimiste<\/h2>\n\n\n\n<p>R\u00e9alisation d&rsquo;image pour le concert caritatif du duo MADA \u00e0 Villiers-en-Plaine (79).<\/p>\n\n\n\n<figure class=\"wp-block-embed is-type-video is-provider-youtube wp-block-embed-youtube wp-embed-aspect-16-9 wp-has-aspect-ratio\"><div class=\"wp-block-embed__wrapper\">\n<iframe title=\"Vid\u00e9o Spectacle 79 - Split MADA - REFLEXHAUT ClipWeb.fr - 202202a\" width=\"1170\" height=\"658\" src=\"https:\/\/www.youtube.com\/embed\/y-VgJjlG2rU?feature=oembed\" frameborder=\"0\" allow=\"accelerometer; autoplay; clipboard-write; encrypted-media; gyroscope; picture-in-picture; web-share\" allowfullscreen><\/iframe>\n<\/div><\/figure>\n\n\n\n<p>R\u00e9alisation d&rsquo;image photo et vid\u00e9o d&rsquo;illustration pour la venue et la repr\u00e9sentation du groupe MADA.<\/p>\n\n\n\n<h2 class=\"wp-block-heading\">Captation &#8211; Diffusion &#8211; Vid\u00e9o Live Professionnelle<\/h2>\n\n\n\n<p>Apr\u00e8s plus de 10ans \u00e0 vous proposer et r\u00e9aliser la captation et l&rsquo;enregistrement de vos \u00e9v\u00e9nements professionnels et associatifs, depuis 2019, on vous propose \u00e9galement la captation mono ou multi-cam\u00e9ras avec la possibilit\u00e9 de diffusion en direct de vos \u00e9v\u00e9nements professionnels ou associatifs. A l&rsquo;aide d&rsquo;une r\u00e9gie num\u00e9rique professionnelle et nos comp\u00e9tences avanc\u00e9es en r\u00e9seau informatique et t\u00e9l\u00e9com, nous sommes en mesure d&rsquo;\u00e9tudier et vous proposer le meilleur de la diffusion en direct de tous vos \u00e9v\u00e9nements.<br>Que ce soit une diffusion publique ou priv\u00e9e avec ou sans acc\u00e8s g\u00e9r\u00e9 ou payant, n&rsquo;h\u00e9sitez pas \u00e0 nous solliciter. <\/p>\n\n\n\n<p>On vous en reparle plus en d\u00e9tail prochainement sur ce site.<\/p>\n","protected":false},"excerpt":{"rendered":"<p>Vid\u00e9o Spectacle &#8211; Concert AMATINI-ADAGIO Concert enregistr\u00e9 lors de la repr\u00e9sentation publique au Temple de Niort en 2022. Commande de captation vid\u00e9o par l&rsquo;association organisatrice pour production de d&rsquo;une vid\u00e9o et DVD souvenir.Production \u00e0 l&rsquo;aide de 2 cam\u00e9ras (1 fixe, 1 en suivi) + enregistrement audio d\u00e9port\u00e9 avec mise en&#8230;<\/p>\n","protected":false},"author":1,"featured_media":0,"parent":0,"menu_order":0,"comment_status":"closed","ping_status":"closed","template":"","meta":{"footnotes":""},"class_list":["post-2878","page","type-page","status-publish","hentry"],"acf":[],"yoast_head":"<!-- This site is optimized with the Yoast SEO plugin v27.6 - https:\/\/yoast.com\/product\/yoast-seo-wordpress\/ -->\n<title>Captation - Vid\u00e9o Spectacle - Vid\u00e9aste Professionnel<\/title>\n<meta name=\"robots\" content=\"index, follow, max-snippet:-1, max-image-preview:large, max-video-preview:-1\" \/>\n<link rel=\"canonical\" href=\"https:\/\/www.clipweb.fr\/videaste\/video-spectacle-captation-niort\/\" \/>\n<meta property=\"og:locale\" content=\"fr_FR\" \/>\n<meta property=\"og:type\" content=\"article\" \/>\n<meta property=\"og:title\" content=\"Captation - Vid\u00e9o Spectacle - Vid\u00e9aste Professionnel\" \/>\n<meta property=\"og:description\" content=\"Vid\u00e9o Spectacle &#8211; Concert AMATINI-ADAGIO Concert enregistr\u00e9 lors de la repr\u00e9sentation publique au Temple de Niort en 2022. Commande de captation vid\u00e9o par l&rsquo;association organisatrice pour production de d&rsquo;une vid\u00e9o et DVD souvenir.Production \u00e0 l&rsquo;aide de 2 cam\u00e9ras (1 fixe, 1 en suivi) + enregistrement audio d\u00e9port\u00e9 avec mise en...\" \/>\n<meta property=\"og:url\" content=\"https:\/\/www.clipweb.fr\/videaste\/video-spectacle-captation-niort\/\" \/>\n<meta property=\"og:site_name\" content=\"Vid\u00e9aste Professionnel\" \/>\n<meta property=\"article:publisher\" content=\"https:\/\/www.facebook.com\/ClipWeb.fr\" \/>\n<meta property=\"article:modified_time\" content=\"2024-02-29T10:39:48+00:00\" \/>\n<meta property=\"og:image\" content=\"https:\/\/www.clipweb.fr\/videaste\/wp-content\/uploads\/2024\/02\/Video-Captation-Spectacle_Danse-Niort-79-ClipWeb-300x300.jpg\" \/>\n<meta name=\"twitter:card\" content=\"summary_large_image\" \/>\n<meta name=\"twitter:label1\" content=\"Dur\u00e9e de lecture estim\u00e9e\" \/>\n\t<meta name=\"twitter:data1\" content=\"2 minutes\" \/>\n<script type=\"application\/ld+json\" class=\"yoast-schema-graph\">{\"@context\":\"https:\\\/\\\/schema.org\",\"@graph\":[{\"@type\":\"WebPage\",\"@id\":\"https:\\\/\\\/www.clipweb.fr\\\/videaste\\\/video-spectacle-captation-niort\\\/\",\"url\":\"https:\\\/\\\/www.clipweb.fr\\\/videaste\\\/video-spectacle-captation-niort\\\/\",\"name\":\"Captation - Vid\u00e9o Spectacle - Vid\u00e9aste Professionnel\",\"isPartOf\":{\"@id\":\"https:\\\/\\\/www.clipweb.fr\\\/videaste\\\/#website\"},\"primaryImageOfPage\":{\"@id\":\"https:\\\/\\\/www.clipweb.fr\\\/videaste\\\/video-spectacle-captation-niort\\\/#primaryimage\"},\"image\":{\"@id\":\"https:\\\/\\\/www.clipweb.fr\\\/videaste\\\/video-spectacle-captation-niort\\\/#primaryimage\"},\"thumbnailUrl\":\"https:\\\/\\\/www.clipweb.fr\\\/videaste\\\/wp-content\\\/uploads\\\/2024\\\/02\\\/Video-Captation-Spectacle_Danse-Niort-79-ClipWeb-300x300.jpg\",\"datePublished\":\"2024-02-10T14:43:05+00:00\",\"dateModified\":\"2024-02-29T10:39:48+00:00\",\"breadcrumb\":{\"@id\":\"https:\\\/\\\/www.clipweb.fr\\\/videaste\\\/video-spectacle-captation-niort\\\/#breadcrumb\"},\"inLanguage\":\"fr-FR\",\"potentialAction\":[{\"@type\":\"ReadAction\",\"target\":[\"https:\\\/\\\/www.clipweb.fr\\\/videaste\\\/video-spectacle-captation-niort\\\/\"]}]},{\"@type\":\"ImageObject\",\"inLanguage\":\"fr-FR\",\"@id\":\"https:\\\/\\\/www.clipweb.fr\\\/videaste\\\/video-spectacle-captation-niort\\\/#primaryimage\",\"url\":\"https:\\\/\\\/www.clipweb.fr\\\/videaste\\\/wp-content\\\/uploads\\\/2024\\\/02\\\/Video-Captation-Spectacle_Danse-Niort-79-ClipWeb.jpg\",\"contentUrl\":\"https:\\\/\\\/www.clipweb.fr\\\/videaste\\\/wp-content\\\/uploads\\\/2024\\\/02\\\/Video-Captation-Spectacle_Danse-Niort-79-ClipWeb.jpg\",\"width\":1080,\"height\":1080,\"caption\":\"Cr\u00e9ation Olivier G. - REFLEXHAUT\"},{\"@type\":\"BreadcrumbList\",\"@id\":\"https:\\\/\\\/www.clipweb.fr\\\/videaste\\\/video-spectacle-captation-niort\\\/#breadcrumb\",\"itemListElement\":[{\"@type\":\"ListItem\",\"position\":1,\"name\":\"Accueil\",\"item\":\"https:\\\/\\\/www.clipweb.fr\\\/videaste\\\/\"},{\"@type\":\"ListItem\",\"position\":2,\"name\":\"Captation &#8211; Vid\u00e9o Spectacle\"}]},{\"@type\":\"WebSite\",\"@id\":\"https:\\\/\\\/www.clipweb.fr\\\/videaste\\\/#website\",\"url\":\"https:\\\/\\\/www.clipweb.fr\\\/videaste\\\/\",\"name\":\"Vid\u00e9aste Professionnel\",\"description\":\"Production Vid\u00e9o - Captation Vid\u00e9o\",\"publisher\":{\"@id\":\"https:\\\/\\\/www.clipweb.fr\\\/videaste\\\/#organization\"},\"potentialAction\":[{\"@type\":\"SearchAction\",\"target\":{\"@type\":\"EntryPoint\",\"urlTemplate\":\"https:\\\/\\\/www.clipweb.fr\\\/videaste\\\/?s={search_term_string}\"},\"query-input\":{\"@type\":\"PropertyValueSpecification\",\"valueRequired\":true,\"valueName\":\"search_term_string\"}}],\"inLanguage\":\"fr-FR\"},{\"@type\":\"Organization\",\"@id\":\"https:\\\/\\\/www.clipweb.fr\\\/videaste\\\/#organization\",\"name\":\"Vid\u00e9aste Professionnel\",\"url\":\"https:\\\/\\\/www.clipweb.fr\\\/videaste\\\/\",\"logo\":{\"@type\":\"ImageObject\",\"inLanguage\":\"fr-FR\",\"@id\":\"https:\\\/\\\/www.clipweb.fr\\\/videaste\\\/#\\\/schema\\\/logo\\\/image\\\/\",\"url\":\"https:\\\/\\\/www.clipweb.fr\\\/videaste\\\/wp-content\\\/uploads\\\/2023\\\/12\\\/ClipWeb-fr_REFELXHAUT_2312a_250x75n.png\",\"contentUrl\":\"https:\\\/\\\/www.clipweb.fr\\\/videaste\\\/wp-content\\\/uploads\\\/2023\\\/12\\\/ClipWeb-fr_REFELXHAUT_2312a_250x75n.png\",\"width\":250,\"height\":75,\"caption\":\"Vid\u00e9aste Professionnel\"},\"image\":{\"@id\":\"https:\\\/\\\/www.clipweb.fr\\\/videaste\\\/#\\\/schema\\\/logo\\\/image\\\/\"},\"sameAs\":[\"https:\\\/\\\/www.facebook.com\\\/ClipWeb.fr\",\"https:\\\/\\\/www.instagram.com\\\/clipweb.fr\"]}]}<\/script>\n<!-- \/ Yoast SEO plugin. -->","yoast_head_json":{"title":"Captation - Vid\u00e9o Spectacle - Vid\u00e9aste Professionnel","robots":{"index":"index","follow":"follow","max-snippet":"max-snippet:-1","max-image-preview":"max-image-preview:large","max-video-preview":"max-video-preview:-1"},"canonical":"https:\/\/www.clipweb.fr\/videaste\/video-spectacle-captation-niort\/","og_locale":"fr_FR","og_type":"article","og_title":"Captation - Vid\u00e9o Spectacle - Vid\u00e9aste Professionnel","og_description":"Vid\u00e9o Spectacle &#8211; Concert AMATINI-ADAGIO Concert enregistr\u00e9 lors de la repr\u00e9sentation publique au Temple de Niort en 2022. Commande de captation vid\u00e9o par l&rsquo;association organisatrice pour production de d&rsquo;une vid\u00e9o et DVD souvenir.Production \u00e0 l&rsquo;aide de 2 cam\u00e9ras (1 fixe, 1 en suivi) + enregistrement audio d\u00e9port\u00e9 avec mise en...","og_url":"https:\/\/www.clipweb.fr\/videaste\/video-spectacle-captation-niort\/","og_site_name":"Vid\u00e9aste Professionnel","article_publisher":"https:\/\/www.facebook.com\/ClipWeb.fr","article_modified_time":"2024-02-29T10:39:48+00:00","og_image":[{"url":"https:\/\/www.clipweb.fr\/videaste\/wp-content\/uploads\/2024\/02\/Video-Captation-Spectacle_Danse-Niort-79-ClipWeb-300x300.jpg","type":"","width":"","height":""}],"twitter_card":"summary_large_image","twitter_misc":{"Dur\u00e9e de lecture estim\u00e9e":"2 minutes"},"schema":{"@context":"https:\/\/schema.org","@graph":[{"@type":"WebPage","@id":"https:\/\/www.clipweb.fr\/videaste\/video-spectacle-captation-niort\/","url":"https:\/\/www.clipweb.fr\/videaste\/video-spectacle-captation-niort\/","name":"Captation - Vid\u00e9o Spectacle - Vid\u00e9aste Professionnel","isPartOf":{"@id":"https:\/\/www.clipweb.fr\/videaste\/#website"},"primaryImageOfPage":{"@id":"https:\/\/www.clipweb.fr\/videaste\/video-spectacle-captation-niort\/#primaryimage"},"image":{"@id":"https:\/\/www.clipweb.fr\/videaste\/video-spectacle-captation-niort\/#primaryimage"},"thumbnailUrl":"https:\/\/www.clipweb.fr\/videaste\/wp-content\/uploads\/2024\/02\/Video-Captation-Spectacle_Danse-Niort-79-ClipWeb-300x300.jpg","datePublished":"2024-02-10T14:43:05+00:00","dateModified":"2024-02-29T10:39:48+00:00","breadcrumb":{"@id":"https:\/\/www.clipweb.fr\/videaste\/video-spectacle-captation-niort\/#breadcrumb"},"inLanguage":"fr-FR","potentialAction":[{"@type":"ReadAction","target":["https:\/\/www.clipweb.fr\/videaste\/video-spectacle-captation-niort\/"]}]},{"@type":"ImageObject","inLanguage":"fr-FR","@id":"https:\/\/www.clipweb.fr\/videaste\/video-spectacle-captation-niort\/#primaryimage","url":"https:\/\/www.clipweb.fr\/videaste\/wp-content\/uploads\/2024\/02\/Video-Captation-Spectacle_Danse-Niort-79-ClipWeb.jpg","contentUrl":"https:\/\/www.clipweb.fr\/videaste\/wp-content\/uploads\/2024\/02\/Video-Captation-Spectacle_Danse-Niort-79-ClipWeb.jpg","width":1080,"height":1080,"caption":"Cr\u00e9ation Olivier G. - REFLEXHAUT"},{"@type":"BreadcrumbList","@id":"https:\/\/www.clipweb.fr\/videaste\/video-spectacle-captation-niort\/#breadcrumb","itemListElement":[{"@type":"ListItem","position":1,"name":"Accueil","item":"https:\/\/www.clipweb.fr\/videaste\/"},{"@type":"ListItem","position":2,"name":"Captation &#8211; Vid\u00e9o Spectacle"}]},{"@type":"WebSite","@id":"https:\/\/www.clipweb.fr\/videaste\/#website","url":"https:\/\/www.clipweb.fr\/videaste\/","name":"Vid\u00e9aste Professionnel","description":"Production Vid\u00e9o - Captation Vid\u00e9o","publisher":{"@id":"https:\/\/www.clipweb.fr\/videaste\/#organization"},"potentialAction":[{"@type":"SearchAction","target":{"@type":"EntryPoint","urlTemplate":"https:\/\/www.clipweb.fr\/videaste\/?s={search_term_string}"},"query-input":{"@type":"PropertyValueSpecification","valueRequired":true,"valueName":"search_term_string"}}],"inLanguage":"fr-FR"},{"@type":"Organization","@id":"https:\/\/www.clipweb.fr\/videaste\/#organization","name":"Vid\u00e9aste Professionnel","url":"https:\/\/www.clipweb.fr\/videaste\/","logo":{"@type":"ImageObject","inLanguage":"fr-FR","@id":"https:\/\/www.clipweb.fr\/videaste\/#\/schema\/logo\/image\/","url":"https:\/\/www.clipweb.fr\/videaste\/wp-content\/uploads\/2023\/12\/ClipWeb-fr_REFELXHAUT_2312a_250x75n.png","contentUrl":"https:\/\/www.clipweb.fr\/videaste\/wp-content\/uploads\/2023\/12\/ClipWeb-fr_REFELXHAUT_2312a_250x75n.png","width":250,"height":75,"caption":"Vid\u00e9aste Professionnel"},"image":{"@id":"https:\/\/www.clipweb.fr\/videaste\/#\/schema\/logo\/image\/"},"sameAs":["https:\/\/www.facebook.com\/ClipWeb.fr","https:\/\/www.instagram.com\/clipweb.fr"]}]}},"_links":{"self":[{"href":"https:\/\/www.clipweb.fr\/videaste\/wp-json\/wp\/v2\/pages\/2878","targetHints":{"allow":["GET"]}}],"collection":[{"href":"https:\/\/www.clipweb.fr\/videaste\/wp-json\/wp\/v2\/pages"}],"about":[{"href":"https:\/\/www.clipweb.fr\/videaste\/wp-json\/wp\/v2\/types\/page"}],"author":[{"embeddable":true,"href":"https:\/\/www.clipweb.fr\/videaste\/wp-json\/wp\/v2\/users\/1"}],"replies":[{"embeddable":true,"href":"https:\/\/www.clipweb.fr\/videaste\/wp-json\/wp\/v2\/comments?post=2878"}],"version-history":[{"count":7,"href":"https:\/\/www.clipweb.fr\/videaste\/wp-json\/wp\/v2\/pages\/2878\/revisions"}],"predecessor-version":[{"id":3037,"href":"https:\/\/www.clipweb.fr\/videaste\/wp-json\/wp\/v2\/pages\/2878\/revisions\/3037"}],"wp:attachment":[{"href":"https:\/\/www.clipweb.fr\/videaste\/wp-json\/wp\/v2\/media?parent=2878"}],"curies":[{"name":"wp","href":"https:\/\/api.w.org\/{rel}","templated":true}]}}